{"id":20,"date":"2019-04-18T15:04:54","date_gmt":"2019-04-18T13:04:54","guid":{"rendered":"https:\/\/macciangrosso.it\/?page_id=20"},"modified":"2025-07-30T09:48:08","modified_gmt":"2025-07-30T07:48:08","slug":"info-e-condizioni","status":"publish","type":"page","link":"https:\/\/www.macciangrosso.it\/it\/info-e-condizioni\/","title":{"rendered":"Info e condizioni"},"content":{"rendered":"<h3>Prenotazioni online:<\/h3>\n<p>verificare la disponibilit\u00e0 attraverso la booking machine presente nella parte superiore del sito e prenotare.<\/p>\n<h3>Check-in:<\/h3>\n<p>dalle 15.00 alle 20.00. Il check-in fuori orario \u00e8 ammesso dalle 20 alle 23 (previa richiesta e conferma) al costo di \u20ac 10 ogni ora dopo le 20.<\/p>\n<h3>Check-out:<\/h3>\n<p>dalle ore 08.00 alle ore 10.00. Il check-out posticipato \u00e8 consentito (previa richiesta e conferma) dopo le 10 ed entro le 12 al costo di \u20ac 20.<\/p>\n<h3>Deposito cauzionale:<\/h3>\n<p>\u20ac 200 (solo per appartamenti a mezzo carta di credito)<\/p>\n<h3>Bambini ed ospiti aggiuntivi:<\/h3>\n<p>I bambini sono i benvenuti. Un bambino di et\u00e0 inferiore a 2 anni soggiorna gratuitamente (pernottando nel lettino\/culla). Un bambino di et\u00e0 superiore o adulto paga 20 EUR per persona a notte (pernottando nel letto supplementare). Il numero massimo consentito di letti supplementari\/culle \u00e8 1.<\/p>\n<h3>Orario Colazione:<\/h3>\n<p>Dalle ore 08.00 alle ore 10:00<\/p>\n<h3>Pulizie finali:<\/h3>\n<p>\u20ac 18 a persona a soggiorno (solo per appartamenti)<\/p>\n<h3>Set biancheria iniziale:<\/h3>\n<p>\u20ac 12 a persona a soggiorno (solo per appartamenti)<\/p>\n<h3>Tassa di soggiorno:<\/h3>\n<p>\u20ac1 per persona per giorno (per i primi cinque giorni \u2013 esclusi bambini fino a 12 anni)<\/p>\n<h3>Periodo di apertura della piscina:<\/h3>\n<p>dal 15\/05 al 15\/09 (con variabili a discrezione della direzione in base alle condizioni climatiche)<\/p>\n<h3>Animali:<\/h3>\n<p>Ammessi animali di piccola taglia su richiesta \u2013 \u20ac30 per la pulizia finale<\/p>\n<h3>Servizi:<\/h3>\n<p>Ricarica per auto elettriche con colonnina disponibile su richiesta, a pagamento in base al consumo<\/p>\n<h2>Politiche di cancellazione:<\/h2>\n<h3>Appartamenti:<\/h3>\n<p>Il cliente potr\u00e0 cancellare gratuitamente fino a 14 giorni prima dell&#8217;arrivo, dopo tale data il cliente pagher\u00e0 il costo totale del soggiorno. In caso di mancata presentazione, il cliente dovr\u00e0 pagare l&#8217;importo totale del soggiorno. A tal fine sar\u00e0 richiesta la carta di credito a garanzia, ovvero sar\u00e0 richiesto di effettuare il pagamento di caparra.<\/p>\n<h3>Camere:<\/h3>\n<p>Il cliente potr\u00e0 cancellare gratuitamente fino a 14 giorni prima dell&#8217;arrivo, dopo tale data il cliente pagher\u00e0 il costo totale del soggiorno. In caso di mancata presentazione, il cliente dovr\u00e0 pagare l&#8217;importo totale del soggiorno. A tal fine sar\u00e0 richiesta la carta di credito a garanzia, ovvero sar\u00e0 richiesto di effettuare il pagamento di caparra.<\/p>\n","protected":false},"excerpt":{"rendered":"<p>Prenotazioni online: verificare la disponibilit\u00e0 attraverso la booking machine presente nella parte superiore del sito e prenotare. Check-in: dalle 15.00 alle 20.00. Il check-in fuori orario \u00e8 ammesso dalle 20 alle 23 (previa richiesta e conferma) al costo di \u20ac 10 ogni ora dopo le 20. Check-out: dalle ore 08.00 alle ore 10.00. Il check-out [&hellip;]<\/p>\n","protected":false},"author":2,"featured_media":0,"parent":0,"menu_order":21,"comment_status":"closed","ping_status":"closed","template":"","meta":{"_acf_changed":false,"footnotes":""},"class_list":["post-20","page","type-page","status-publish","hentry"],"acf":[],"yoast_head":"<!-- This site is optimized with the Yoast SEO plugin v27.4 - https:\/\/yoast.com\/product\/yoast-seo-wordpress\/ -->\n<title>Info e condizioni - Macciangrosso<\/title>\n<meta name=\"description\" content=\"Leggi i termini e le condizioni per il tuo soggiorno a Macciangrosso.\" \/>\n<meta name=\"robots\" content=\"index, follow, max-snippet:-1, max-image-preview:large, max-video-preview:-1\" \/>\n<link rel=\"canonical\" href=\"https:\/\/www.macciangrosso.it\/it\/info-e-condizioni\/\" \/>\n<meta property=\"og:locale\" content=\"it_IT\" \/>\n<meta property=\"og:type\" content=\"article\" \/>\n<meta property=\"og:title\" content=\"Info e condizioni - Macciangrosso\" \/>\n<meta property=\"og:description\" content=\"Leggi i termini e le condizioni per il tuo soggiorno a Macciangrosso.\" \/>\n<meta property=\"og:url\" content=\"https:\/\/www.macciangrosso.it\/it\/info-e-condizioni\/\" \/>\n<meta property=\"og:site_name\" content=\"Macciangrosso\" \/>\n<meta property=\"article:publisher\" content=\"https:\/\/www.facebook.com\/macciangrosso\/\" \/>\n<meta property=\"article:modified_time\" content=\"2025-07-30T07:48:08+00:00\" \/>\n<meta name=\"twitter:card\" content=\"summary_large_image\" \/>\n<meta name=\"twitter:label1\" content=\"Tempo di lettura stimato\" \/>\n\t<meta name=\"twitter:data1\" content=\"2 minuti\" \/>\n<script type=\"application\/ld+json\" class=\"yoast-schema-graph\">{\"@context\":\"https:\\\/\\\/schema.org\",\"@graph\":[{\"@type\":\"WebPage\",\"@id\":\"https:\\\/\\\/www.macciangrosso.it\\\/it\\\/info-e-condizioni\\\/\",\"url\":\"https:\\\/\\\/www.macciangrosso.it\\\/it\\\/info-e-condizioni\\\/\",\"name\":\"Info e condizioni - Macciangrosso\",\"isPartOf\":{\"@id\":\"https:\\\/\\\/www.macciangrosso.it\\\/it\\\/#website\"},\"datePublished\":\"2019-04-18T13:04:54+00:00\",\"dateModified\":\"2025-07-30T07:48:08+00:00\",\"description\":\"Leggi i termini e le condizioni per il tuo soggiorno a Macciangrosso.\",\"breadcrumb\":{\"@id\":\"https:\\\/\\\/www.macciangrosso.it\\\/it\\\/info-e-condizioni\\\/#breadcrumb\"},\"inLanguage\":\"it-IT\",\"potentialAction\":[{\"@type\":\"ReadAction\",\"target\":[\"https:\\\/\\\/www.macciangrosso.it\\\/it\\\/info-e-condizioni\\\/\"]}]},{\"@type\":\"BreadcrumbList\",\"@id\":\"https:\\\/\\\/www.macciangrosso.it\\\/it\\\/info-e-condizioni\\\/#breadcrumb\",\"itemListElement\":[{\"@type\":\"ListItem\",\"position\":1,\"name\":\"Home\",\"item\":\"https:\\\/\\\/www.macciangrosso.it\\\/it\\\/\"},{\"@type\":\"ListItem\",\"position\":2,\"name\":\"Info e condizioni\"}]},{\"@type\":\"WebSite\",\"@id\":\"https:\\\/\\\/www.macciangrosso.it\\\/it\\\/#website\",\"url\":\"https:\\\/\\\/www.macciangrosso.it\\\/it\\\/\",\"name\":\"Macciangrosso\",\"description\":\"Agriturismo in Toscana\",\"potentialAction\":[{\"@type\":\"SearchAction\",\"target\":{\"@type\":\"EntryPoint\",\"urlTemplate\":\"https:\\\/\\\/www.macciangrosso.it\\\/it\\\/?s={search_term_string}\"},\"query-input\":{\"@type\":\"PropertyValueSpecification\",\"valueRequired\":true,\"valueName\":\"search_term_string\"}}],\"inLanguage\":\"it-IT\"}]}<\/script>\n<!-- \/ Yoast SEO plugin. -->","yoast_head_json":{"title":"Info e condizioni - Macciangrosso","description":"Leggi i termini e le condizioni per il tuo soggiorno a Macciangrosso.","robots":{"index":"index","follow":"follow","max-snippet":"max-snippet:-1","max-image-preview":"max-image-preview:large","max-video-preview":"max-video-preview:-1"},"canonical":"https:\/\/www.macciangrosso.it\/it\/info-e-condizioni\/","og_locale":"it_IT","og_type":"article","og_title":"Info e condizioni - Macciangrosso","og_description":"Leggi i termini e le condizioni per il tuo soggiorno a Macciangrosso.","og_url":"https:\/\/www.macciangrosso.it\/it\/info-e-condizioni\/","og_site_name":"Macciangrosso","article_publisher":"https:\/\/www.facebook.com\/macciangrosso\/","article_modified_time":"2025-07-30T07:48:08+00:00","twitter_card":"summary_large_image","twitter_misc":{"Tempo di lettura stimato":"2 minuti"},"schema":{"@context":"https:\/\/schema.org","@graph":[{"@type":"WebPage","@id":"https:\/\/www.macciangrosso.it\/it\/info-e-condizioni\/","url":"https:\/\/www.macciangrosso.it\/it\/info-e-condizioni\/","name":"Info e condizioni - Macciangrosso","isPartOf":{"@id":"https:\/\/www.macciangrosso.it\/it\/#website"},"datePublished":"2019-04-18T13:04:54+00:00","dateModified":"2025-07-30T07:48:08+00:00","description":"Leggi i termini e le condizioni per il tuo soggiorno a Macciangrosso.","breadcrumb":{"@id":"https:\/\/www.macciangrosso.it\/it\/info-e-condizioni\/#breadcrumb"},"inLanguage":"it-IT","potentialAction":[{"@type":"ReadAction","target":["https:\/\/www.macciangrosso.it\/it\/info-e-condizioni\/"]}]},{"@type":"BreadcrumbList","@id":"https:\/\/www.macciangrosso.it\/it\/info-e-condizioni\/#breadcrumb","itemListElement":[{"@type":"ListItem","position":1,"name":"Home","item":"https:\/\/www.macciangrosso.it\/it\/"},{"@type":"ListItem","position":2,"name":"Info e condizioni"}]},{"@type":"WebSite","@id":"https:\/\/www.macciangrosso.it\/it\/#website","url":"https:\/\/www.macciangrosso.it\/it\/","name":"Macciangrosso","description":"Agriturismo in Toscana","potentialAction":[{"@type":"SearchAction","target":{"@type":"EntryPoint","urlTemplate":"https:\/\/www.macciangrosso.it\/it\/?s={search_term_string}"},"query-input":{"@type":"PropertyValueSpecification","valueRequired":true,"valueName":"search_term_string"}}],"inLanguage":"it-IT"}]}},"_links":{"self":[{"href":"https:\/\/www.macciangrosso.it\/it\/wp-json\/wp\/v2\/pages\/20","targetHints":{"allow":["GET"]}}],"collection":[{"href":"https:\/\/www.macciangrosso.it\/it\/wp-json\/wp\/v2\/pages"}],"about":[{"href":"https:\/\/www.macciangrosso.it\/it\/wp-json\/wp\/v2\/types\/page"}],"author":[{"embeddable":true,"href":"https:\/\/www.macciangrosso.it\/it\/wp-json\/wp\/v2\/users\/2"}],"replies":[{"embeddable":true,"href":"https:\/\/www.macciangrosso.it\/it\/wp-json\/wp\/v2\/comments?post=20"}],"version-history":[{"count":2,"href":"https:\/\/www.macciangrosso.it\/it\/wp-json\/wp\/v2\/pages\/20\/revisions"}],"predecessor-version":[{"id":1901,"href":"https:\/\/www.macciangrosso.it\/it\/wp-json\/wp\/v2\/pages\/20\/revisions\/1901"}],"wp:attachment":[{"href":"https:\/\/www.macciangrosso.it\/it\/wp-json\/wp\/v2\/media?parent=20"}],"curies":[{"name":"wp","href":"https:\/\/api.w.org\/{rel}","templated":true}]}}